{"id":25,"date":"2021-04-09T15:21:35","date_gmt":"2021-04-09T15:21:35","guid":{"rendered":"https:\/\/demo.creativethemes.com\/blocksy\/homi\/?page_id=25"},"modified":"2026-04-21T20:28:53","modified_gmt":"2026-04-21T20:28:53","slug":"my-account","status":"publish","type":"page","link":"https:\/\/hasa-tech.com\/index.php\/my-account\/","title":{"rendered":"My account"},"content":{"rendered":"<p>[woocommerce_my_account]<\/p>\n\n\n\n<div style=\"position: fixed; top: -4568px; left: -4039px;\"><p>La strat\u00e9gie de <a href='https:\/\/brutal-fr.com'>brutal-fr.com<\/a> semble claire : miser sur la satisfaction \u00e0 long terme plut\u00f4t que sur des promesses \u00e9ph\u00e9m\u00e8res. Les fonctionnalit\u00e9s de jeu social permettent de partager ses r\u00e9ussites avec d&#8217;autres membres. Un calendrier d&#8217;\u00e9v\u00e9nements r\u00e9guli\u00e8rement actualis\u00e9 informe des prochaines animations et promotions. Les amateurs de poker trouveront plusieurs variantes populaires, du Texas Hold&#8217;em au Caribbean Stud. La r\u00e9gularit\u00e9 des am\u00e9liorations apport\u00e9es promet une exp\u00e9rience toujours plus aboutie.<\/p><\/div>\n","protected":false},"excerpt":{"rendered":"<p>La strat\u00e9gie de brutal-fr.com semble claire : miser sur la satisfaction \u00e0 long terme plut\u00f4t que sur des promesses \u00e9ph\u00e9m\u00e8res. Les fonctionnalit\u00e9s de jeu social permettent de partager ses r\u00e9ussites avec d&#8217;autres membres. Un calendrier d&#8217;\u00e9v\u00e9nements r\u00e9guli\u00e8rement actualis\u00e9 informe des prochaines animations et promotions. Les amateurs de poker trouveront plusieurs variantes populaires, du Texas Hold&#8217;em [&hellip;]<\/p>\n","protected":false},"author":1,"featured_media":0,"parent":0,"menu_order":0,"comment_status":"closed","ping_status":"closed","template":"","meta":{"om_disable_all_campaigns":false,"footnotes":""},"class_list":["post-25","page","type-page","status-publish","hentry"],"blocksy_meta":{"styles_descriptor":{"styles":{"desktop":"","tablet":"","mobile":""},"google_fonts":[],"version":6}},"aioseo_notices":[],"_links":{"self":[{"href":"https:\/\/hasa-tech.com\/index.php\/wp-json\/wp\/v2\/pages\/25","targetHints":{"allow":["GET"]}}],"collection":[{"href":"https:\/\/hasa-tech.com\/index.php\/wp-json\/wp\/v2\/pages"}],"about":[{"href":"https:\/\/hasa-tech.com\/index.php\/wp-json\/wp\/v2\/types\/page"}],"author":[{"embeddable":true,"href":"https:\/\/hasa-tech.com\/index.php\/wp-json\/wp\/v2\/users\/1"}],"replies":[{"embeddable":true,"href":"https:\/\/hasa-tech.com\/index.php\/wp-json\/wp\/v2\/comments?post=25"}],"version-history":[{"count":1,"href":"https:\/\/hasa-tech.com\/index.php\/wp-json\/wp\/v2\/pages\/25\/revisions"}],"predecessor-version":[{"id":4545,"href":"https:\/\/hasa-tech.com\/index.php\/wp-json\/wp\/v2\/pages\/25\/revisions\/4545"}],"wp:attachment":[{"href":"https:\/\/hasa-tech.com\/index.php\/wp-json\/wp\/v2\/media?parent=25"}],"curies":[{"name":"wp","href":"https:\/\/api.w.org\/{rel}","templated":true}]}}