{"id":2775,"date":"2023-02-13T07:32:45","date_gmt":"2023-02-13T07:32:45","guid":{"rendered":"https:\/\/hasa-tech.com\/?page_id=2775"},"modified":"2024-03-04T14:58:32","modified_gmt":"2024-03-04T14:58:32","slug":"cable-in-japan","status":"publish","type":"page","link":"https:\/\/hasa-tech.com\/index.php\/cable-in-japan\/","title":{"rendered":"Cable in JAPAN"},"content":{"rendered":"\n<p>C\u00f4ng ty TNHH \u0110T TM DV HASA-TECHNOLOGY ch\u00fang t\u00f4i \u0111\u01b0\u1ee3c vinh d\u1ef1 ph\u00e2n ph\u1ed1i c\u00e1c s\u1ea3n ph\u1ea9m c\u00e1p \u0111i\u1ec7n h\u00e3ng MITSUBOSHI, TAISHO, SUMITOMO, JMACS, FUIJ, t\u1ea1i Vi\u1ec7t Nam v\u1edbi c\u00e1p s\u1ea3n ph\u1ea9m c\u00e1p ch\u1ea5t l\u01b0\u1ee3ng t\u1eeb Nh\u1eadt \u1ee9ng d\u1ee5ng cho r\u1ea5t nhi\u1ec1u l\u0129nh v\u1ef1c kh\u00e1c nhau nh\u01b0 nh\u00e0 m\u00e1y th\u00e9p, nh\u00e0 m\u00e1y gi\u1ea5y, nh\u00e0 m\u00e1y automation, nh\u00e0 m\u00e1y xi m\u0103ng, c\u1ea3ng bi\u1ec3n,&#8230;.<\/p>\n\n\n\n<p><strong>D\u00e2y c\u00e1p \u0111i\u1ec7n cao su Cable type<\/strong><\/p>\n\n\n\n<div class=\"wp-block-media-text alignwide is-stacked-on-mobile\" style=\"grid-template-columns:42% auto\"><figure class=\"wp-block-media-text__media\"><img loading=\"lazy\" decoding=\"async\" width=\"806\" height=\"217\" src=\"https:\/\/hasa-tech.com\/wp-content\/uploads\/2023\/02\/image-8.png\" alt=\"\" class=\"wp-image-2781 size-full\" srcset=\"https:\/\/hasa-tech.com\/wp-content\/uploads\/2023\/02\/image-8.png 806w, https:\/\/hasa-tech.com\/wp-content\/uploads\/2023\/02\/image-8-300x81.png 300w, https:\/\/hasa-tech.com\/wp-content\/uploads\/2023\/02\/image-8-768x207.png 768w\" sizes=\"(max-width: 806px) 100vw, 806px\" \/><\/figure><div class=\"wp-block-media-text__content\">\n<p><a href=\"http:\/\/www.kk-mitsuboshi.co.jp\/vietnam\/wp-content\/uploads\/2020\/09\/sl-2ct-tough_eng.pdf\" title=\"SL-2CT TOUCH\">SL-2CT TOUCH<\/a><\/p>\n\n\n\n<p>\u0110\u01b0\u1ee3c s\u1eed d\u1ee5ng cho c\u00e1c thi\u1ebft b\u1ecb \u0111i\u1ec7n di \u0111\u1ed9ng trong nh\u00e0 v\u00e0 ngo\u00e0i tr\u1eddi t\u1eeb 600V tr\u1edf xu\u1ed1ng ho\u1eb7c \u0111i d\u00e2y trong nh\u00e0 v\u00e0 c\u00e1c \u1ee9ng d\u1ee5ng t\u01b0\u01a1ng t\u1ef1 \u0111\u01b0\u1ee3c s\u1eed d\u1ee5ng trong khai th\u00e1c m\u1ecf, c\u00f4ng nghi\u1ec7p, n\u00f4ng nghi\u1ec7p v\u00e0 c\u00e1c \u1ee9ng d\u1ee5ng kh\u00e1c.<br>\u25cf C\u00f4ng tr\u00ecnh t\u1ea1m th\u1eddi (x\u00e2y d\u1ef1ng \/ c\u00f4ng tr\u00ecnh d\u00e2n d\u1ee5ng): c\u1ea7n tr\u1ee5c th\u00e1p, thi\u1ebft b\u1ecb chi\u1ebfu s\u00e1ng, m\u00e1y ph\u00e1t \u0111i\u1ec7n<br>\u25cf C\u00f4ng tr\u00ecnh \u0111\u00f3ng t\u00e0u, h\u00e0ng h\u1ea3i, c\u00f4ng tr\u00ecnh d\u00e2n d\u1ee5ng: m\u00e1y h\u00e0n (m\u1eb7t ch\u00ednh), m\u00e1y ph\u00e1t \u0111i\u1ec7n, m\u00e1y rung, m\u00e1y khoan \u0111\u1ea5t<br>\u25cf Kh\u00e1c: Thi\u1ebft b\u1ecb c\u00f4ng nghi\u1ec7p<\/p>\n<\/div><\/div>\n\n\n\n<div class=\"wp-block-media-text alignwide is-stacked-on-mobile\" style=\"grid-template-columns:43% auto\"><figure class=\"wp-block-media-text__media\"><img loading=\"lazy\" decoding=\"async\" width=\"562\" height=\"149\" src=\"https:\/\/hasa-tech.com\/wp-content\/uploads\/2023\/02\/image-9.png\" alt=\"\" class=\"wp-image-2782 size-full\" srcset=\"https:\/\/hasa-tech.com\/wp-content\/uploads\/2023\/02\/image-9.png 562w, https:\/\/hasa-tech.com\/wp-content\/uploads\/2023\/02\/image-9-300x80.png 300w\" sizes=\"(max-width: 562px) 100vw, 562px\" \/><\/figure><div class=\"wp-block-media-text__content\">\n<p><a href=\"http:\/\/www.kk-mitsuboshi.co.jp\/vietnam\/wp-content\/themes\/new_theme\/pdf\/electric\/document\/rn_090000b_2pnctlist_eng.pdf\" title=\"2PNCT\">2PNCT<\/a><\/p>\n\n\n\n<p>S\u1eed d\u1ee5ng trong cung c\u1ea5p \u0111i\u1ec7n di \u0111\u1ed9ng, c\u00f4ng tr\u01b0\u1eddng, thi\u1ebft b\u1ecb s\u00e2n kh\u1ea5u v\u00e0 thi\u1ebft b\u1ecb tr\u1ef1c quan, khu v\u1ef1c c\u1ea3ng v\u00e0 \u0111\u1eadp.<\/p>\n<\/div><\/div>\n\n\n\n<div class=\"wp-block-media-text alignwide is-stacked-on-mobile\" style=\"grid-template-columns:44% auto\"><figure class=\"wp-block-media-text__media\"><img loading=\"lazy\" decoding=\"async\" width=\"691\" height=\"167\" src=\"https:\/\/hasa-tech.com\/wp-content\/uploads\/2023\/02\/image-10.png\" alt=\"\" class=\"wp-image-2783 size-full\" srcset=\"https:\/\/hasa-tech.com\/wp-content\/uploads\/2023\/02\/image-10.png 691w, https:\/\/hasa-tech.com\/wp-content\/uploads\/2023\/02\/image-10-300x73.png 300w\" sizes=\"(max-width: 691px) 100vw, 691px\" \/><\/figure><div class=\"wp-block-media-text__content\">\n<p><a href=\"http:\/\/www.kk-mitsuboshi.co.jp\/vietnam\/wp-content\/themes\/new_theme\/pdf\/electric\/document\/rn_110000a_3pnctlist%20_eng.pdf\" title=\"2PNCT\">3PNCT<\/a><\/p>\n\n\n\n<p>N\u00f3 \u0111\u01b0\u1ee3c s\u1eed d\u1ee5ng cho c\u00e1c thi\u1ebft b\u1ecb \u0111i\u1ec7n di \u0111\u1ed9ng ho\u1eb7c h\u1ec7 th\u1ed1ng d\u00e2y \u0111i\u1ec7n t\u1eeb 600V tr\u1edf xu\u1ed1ng y\u00eau c\u1ea7u ch\u1ed1ng ch\u00e1y n\u1ed5 do s\u1eed d\u1ee5ng kh\u1eafc nghi\u1ec7t nh\u01b0 trong h\u1ea7m m\u1ecf, c\u00f4ng nghi\u1ec7p, n\u00f4ng nghi\u1ec7p v\u00e0 c\u00e1c \u0111\u01b0\u1eddng h\u1ea7m kh\u00e1c.<\/p>\n<\/div><\/div>\n\n\n\n<p><strong>D\u00e2y C\u00e1p Nh\u1ef1a PVC<\/strong><\/p>\n\n\n\n<div class=\"wp-block-media-text alignwide is-stacked-on-mobile\" style=\"grid-template-columns:45% auto\"><figure class=\"wp-block-media-text__media\"><img loading=\"lazy\" decoding=\"async\" width=\"619\" height=\"327\" src=\"https:\/\/hasa-tech.com\/wp-content\/uploads\/2023\/02\/image-11.png\" alt=\"\" class=\"wp-image-2784 size-full\" srcset=\"https:\/\/hasa-tech.com\/wp-content\/uploads\/2023\/02\/image-11.png 619w, https:\/\/hasa-tech.com\/wp-content\/uploads\/2023\/02\/image-11-300x158.png 300w\" sizes=\"(max-width: 619px) 100vw, 619px\" \/><\/figure><div class=\"wp-block-media-text__content\">\n<p><a href=\"http:\/\/www.kk-mitsuboshi.co.jp\/vietnam\/wp-content\/uploads\/2020\/09\/pn_010000_vctlist_eng.pdf\" title=\"VCT\">VCT<\/a><\/p>\n\n\n\n<p>\u0110\u1ed1i v\u1edbi c\u00e1c m\u1ea1ch cung c\u1ea5p \u0111i\u1ec7n c\u1ee7a c\u00e1c thi\u1ebft b\u1ecb \u0111i\u1ec7n du l\u1ecbch v\u00e0 nh\u1eefng n\u01a1i c\u1ea7n t\u00ednh linh ho\u1ea1t.<\/p>\n<\/div><\/div>\n\n\n\n<p><strong>D\u00e2y c\u00e1p STAR MIC<\/strong><\/p>\n\n\n\n<div class=\"wp-block-media-text alignwide is-stacked-on-mobile\" style=\"grid-template-columns:44% auto\"><figure class=\"wp-block-media-text__media\"><img loading=\"lazy\" decoding=\"async\" width=\"719\" height=\"267\" src=\"https:\/\/hasa-tech.com\/wp-content\/uploads\/2023\/02\/image-12.png\" alt=\"\" class=\"wp-image-2785 size-full\" srcset=\"https:\/\/hasa-tech.com\/wp-content\/uploads\/2023\/02\/image-12.png 719w, https:\/\/hasa-tech.com\/wp-content\/uploads\/2023\/02\/image-12-300x111.png 300w\" sizes=\"(max-width: 719px) 100vw, 719px\" \/><\/figure><div class=\"wp-block-media-text__content\">\n<p>BR-MCT<\/p>\n\n\n\n<p>M\u1ed9t lo\u1ea1i c\u00e1p m\u1edbi t\u1eadn d\u1ee5ng t\u00ednh \u0111\u00e0n h\u1ed3i c\u1ee7a cao su v\u00e0 t\u00ednh m\u1ec1m d\u1ebbo c\u1ee7a nh\u1ef1a vinyl, \u0111\u1ed3ng th\u1eddi c\u00f3 kh\u1ea3 n\u0103ng ch\u1ed1ng tr\u01b0\u01a1ng n\u1edf \u1edf g\u1ea5u c\u00e1p t\u1ed1t h\u01a1n so v\u1edbi VCT, v\u00e0 c\u00f3 th\u1ec3 \u0111\u01b0\u1ee3c s\u1eed d\u1ee5ng trong ph\u1ea1m vi r\u1ed9ng. Nhi\u1ec7t \u0111\u1ed9 t\u1ed1i \u0111a cho ph\u00e9p l\u00e0 80 \u00b0 C.<\/p>\n<\/div><\/div>\n\n\n\n<div class=\"wp-block-media-text alignwide is-stacked-on-mobile\" style=\"grid-template-columns:44% auto\"><figure class=\"wp-block-media-text__media\"><img loading=\"lazy\" decoding=\"async\" width=\"742\" height=\"326\" src=\"https:\/\/hasa-tech.com\/wp-content\/uploads\/2023\/02\/image-13.png\" alt=\"\" class=\"wp-image-2786 size-full\" srcset=\"https:\/\/hasa-tech.com\/wp-content\/uploads\/2023\/02\/image-13.png 742w, https:\/\/hasa-tech.com\/wp-content\/uploads\/2023\/02\/image-13-300x132.png 300w\" sizes=\"(max-width: 742px) 100vw, 742px\" \/><\/figure><div class=\"wp-block-media-text__content\">\n<p>BP-2PNCT<\/p>\n\n\n\n<p>BP-2PNCT (s\u1ea3n ph\u1ea9m s\u1ea3n xu\u1ea5t theo y\u00eau c\u1ea7u). \u0110\u00e2y l\u00e0 m\u1ed9t s\u1ea3n ph\u1ea9m cao c\u1ea5p s\u1eed d\u1ee5ng d\u00e2y d\u1eabn \u0111\u01b0\u1ee3c gia c\u1ed1 b\u1eb1ng s\u1ee3i aramid \u0111\u1ec3 c\u1ea3i thi\u1ec7n h\u01a1n n\u1eefa kh\u1ea3 n\u0103ng ch\u1ecbu u\u1ed1n v\u00e0 kh\u1ea3 n\u0103ng ch\u1ecbu c\u0103ng c\u1ee7a d\u00e2y d\u1eabn b\u1ec7n th\u00f4ng th\u01b0\u1eddng CT v\u00e0 CT c\u00f3 l\u00f5i th\u00e9p.<\/p>\n<\/div><\/div>\n\n\n\n<div class=\"wp-block-media-text alignwide is-stacked-on-mobile\" style=\"grid-template-columns:44% auto\"><figure class=\"wp-block-media-text__media\"><img loading=\"lazy\" decoding=\"async\" width=\"585\" height=\"199\" src=\"https:\/\/hasa-tech.com\/wp-content\/uploads\/2023\/02\/image-14.png\" alt=\"\" class=\"wp-image-2787 size-full\" srcset=\"https:\/\/hasa-tech.com\/wp-content\/uploads\/2023\/02\/image-14.png 585w, https:\/\/hasa-tech.com\/wp-content\/uploads\/2023\/02\/image-14-300x102.png 300w\" sizes=\"(max-width: 585px) 100vw, 585px\" \/><\/figure><div class=\"wp-block-media-text__content\">\n<p>BF-2PNCT<\/p>\n\n\n\n<p>N\u00f3 \u0111\u01b0\u1ee3c s\u1eed d\u1ee5ng trong khai th\u00e1c m\u1ecf, c\u00f4ng nghi\u1ec7p, n\u00f4ng nghi\u1ec7p v\u00e0 c\u00e1c thi\u1ebft b\u1ecb \u0111i\u1ec7n di \u0111\u1ed9ng kh\u00e1c ho\u1eb7c h\u1ec7 th\u1ed1ng d\u00e2y \u0111i\u1ec7n t\u1eeb 600V tr\u1edf xu\u1ed1ng, \u0111\u1eb7c bi\u1ec7t l\u00e0 nh\u1eefng n\u01a1i y\u00eau c\u1ea7u kh\u1ea3 n\u0103ng ch\u1ecbu d\u1ea7u, ch\u1ecbu th\u1eddi ti\u1ebft v\u00e0 ch\u1ecbu nhi\u1ec7t.<\/p>\n<\/div><\/div>\n\n\n\n<p><strong>D\u00e2y c\u00e1p h\u1ea1 \u00e1p (d\u01b0\u1edbi 300V)<\/strong><\/p>\n\n\n\n<div class=\"wp-block-media-text alignwide is-stacked-on-mobile\" style=\"grid-template-columns:45% auto\"><figure class=\"wp-block-media-text__media\"><img loading=\"lazy\" decoding=\"async\" width=\"729\" height=\"387\" src=\"https:\/\/hasa-tech.com\/wp-content\/uploads\/2023\/02\/image-15.png\" alt=\"\" class=\"wp-image-2788 size-full\" srcset=\"https:\/\/hasa-tech.com\/wp-content\/uploads\/2023\/02\/image-15.png 729w, https:\/\/hasa-tech.com\/wp-content\/uploads\/2023\/02\/image-15-300x159.png 300w\" sizes=\"(max-width: 729px) 100vw, 729px\" \/><\/figure><div class=\"wp-block-media-text__content\">\n<p><a href=\"http:\/\/www.kk-mitsuboshi.co.jp\/vietnam\/wp-content\/uploads\/2020\/09\/pn_030000_vctflist_eng.pdf\" title=\"VCTF\">VCTF<\/a><\/p>\n\n\n\n<p>Ch\u1ee7 y\u1ebfu d\u00e0nh cho c\u00e1c d\u1ee5ng c\u1ee5 \u0111i\u1ec7n nh\u1ecf c\u00f3 \u0111i\u1ec7n \u00e1p nh\u1ecf h\u01a1n 300V.<\/p>\n<\/div><\/div>\n\n\n\n<p><strong>D\u00e2y c\u00e1p \u0111\u1ea1t ti\u00eau chu\u1ea9n n\u01b0\u1edbc ngo\u00e0i<\/strong><\/p>\n\n\n\n<div class=\"wp-block-media-text alignwide is-stacked-on-mobile\" style=\"grid-template-columns:46% auto\"><figure class=\"wp-block-media-text__media\"><img loading=\"lazy\" decoding=\"async\" width=\"714\" height=\"170\" src=\"https:\/\/hasa-tech.com\/wp-content\/uploads\/2023\/02\/image-16.png\" alt=\"\" class=\"wp-image-2789 size-full\" srcset=\"https:\/\/hasa-tech.com\/wp-content\/uploads\/2023\/02\/image-16.png 714w, https:\/\/hasa-tech.com\/wp-content\/uploads\/2023\/02\/image-16-300x71.png 300w\" sizes=\"(max-width: 714px) 100vw, 714px\" \/><\/figure><div class=\"wp-block-media-text__content\">\n<p><a href=\"http:\/\/www.kk-mitsuboshi.co.jp\/vietnam\/wp-content\/uploads\/2020\/09\/09.pdf\" title=\"CCC\">CCC<\/a><\/p>\n\n\n\n<p>S\u1eed d\u1ee5ng trong cung c\u1ea5p \u0111i\u1ec7n di \u0111\u1ed9ng, c\u00f4ng tr\u01b0\u1eddng, thi\u1ebft b\u1ecb s\u00e2n kh\u1ea5u v\u00e0 thi\u1ebft b\u1ecb tr\u1ef1c quan, khu v\u1ef1c c\u1ea3ng v\u00e0 \u0111\u1eadp.<\/p>\n<\/div><\/div>\n\n\n\n<p><\/p>\n\n\n\n<p><\/p>\n\n\n\n<p><\/p>\n","protected":false},"excerpt":{"rendered":"<p>C\u00f4ng ty TNHH \u0110T TM DV HASA-TECHNOLOGY ch\u00fang t\u00f4i \u0111\u01b0\u1ee3c vinh d\u1ef1 ph\u00e2n ph\u1ed1i c\u00e1c s\u1ea3n ph\u1ea9m c\u00e1p \u0111i\u1ec7n h\u00e3ng MITSUBOSHI, TAISHO, SUMITOMO, JMACS, FUIJ, t\u1ea1i Vi\u1ec7t Nam v\u1edbi c\u00e1p s\u1ea3n ph\u1ea9m c\u00e1p ch\u1ea5t l\u01b0\u1ee3ng t\u1eeb Nh\u1eadt \u1ee9ng d\u1ee5ng cho r\u1ea5t nhi\u1ec1u l\u0129nh v\u1ef1c kh\u00e1c nhau nh\u01b0 nh\u00e0 m\u00e1y th\u00e9p, nh\u00e0 m\u00e1y gi\u1ea5y, nh\u00e0 m\u00e1y [&hellip;]<\/p>\n","protected":false},"author":2,"featured_media":0,"parent":0,"menu_order":0,"comment_status":"closed","ping_status":"closed","template":"","meta":{"om_disable_all_campaigns":false,"_mi_skip_tracking":false,"footnotes":""},"class_list":["post-2775","page","type-page","status-publish","hentry"],"blocksy_meta":{"styles_descriptor":{"styles":{"desktop":"","tablet":"","mobile":""},"google_fonts":[],"version":6}},"aioseo_notices":[],"_links":{"self":[{"href":"https:\/\/hasa-tech.com\/index.php\/wp-json\/wp\/v2\/pages\/2775"}],"collection":[{"href":"https:\/\/hasa-tech.com\/index.php\/wp-json\/wp\/v2\/pages"}],"about":[{"href":"https:\/\/hasa-tech.com\/index.php\/wp-json\/wp\/v2\/types\/page"}],"author":[{"embeddable":true,"href":"https:\/\/hasa-tech.com\/index.php\/wp-json\/wp\/v2\/users\/2"}],"replies":[{"embeddable":true,"href":"https:\/\/hasa-tech.com\/index.php\/wp-json\/wp\/v2\/comments?post=2775"}],"version-history":[{"count":4,"href":"https:\/\/hasa-tech.com\/index.php\/wp-json\/wp\/v2\/pages\/2775\/revisions"}],"predecessor-version":[{"id":2885,"href":"https:\/\/hasa-tech.com\/index.php\/wp-json\/wp\/v2\/pages\/2775\/revisions\/2885"}],"wp:attachment":[{"href":"https:\/\/hasa-tech.com\/index.php\/wp-json\/wp\/v2\/media?parent=2775"}],"curies":[{"name":"wp","href":"https:\/\/api.w.org\/{rel}","templated":true}]}}