{"id":2796,"date":"2023-02-14T09:27:53","date_gmt":"2023-02-14T09:27:53","guid":{"rendered":"https:\/\/hasa-tech.com\/?page_id=2796"},"modified":"2024-09-16T14:59:57","modified_gmt":"2024-09-16T14:59:57","slug":"tsubaki","status":"publish","type":"page","link":"https:\/\/hasa-tech.com\/index.php\/tsubaki\/","title":{"rendered":"Tsubaki-Kabelschlepp"},"content":{"rendered":"\n<p>C\u00d4NG TY TNHH \u0110\u1ea6U T\u01af TH\u01af\u01a0NG M\u1ea0I D\u1ecaCH V\u1ee4\u00a0<em>HASA<\/em>&#8211;<em>TECHNOLOGY<\/em> ch\u00fang t\u00f4i \u0111\u01b0\u1ee3c vinh d\u1ef1 ph\u00e2n ph\u1ed1i c\u00e1c s\u1ea3n ph\u1ea9m c\u1ee7a h\u00e3ng TSUBAKI t\u1ea1i VI\u1ec6T NAM nh\u1eefng s\u1ea3n ph\u1ea9m nh\u01b0 x\u00edch nh\u1ef1a, x\u00edch th\u00e9p, kh\u1ed1i n\u1ed1i, xi-lanh \u0111i\u1ec7n, h\u1ed9p s\u1ed1 gi\u1ea3m t\u1ed1c, thi\u1ebft b\u1ecb ch\u1ed1ng qu\u00e1 t\u1ea3i,&#8230;<\/p>\n\n\n\n<p>Agreement to HASA-TECH: As an authorized reseller for Tsubaki brands including Tsubaki Kabelschlepp in Port Business within the territory of The Socialist Republic of Vietnam.<br>Tsubakimoto Vietnam will support fully the projects which regards to all application of our products in the project handled by HASA-TECH.<\/p>\n\n\n\n<p>Reference to website: T<a href=\"https:\/\/tsubaki-kabelschlepp.com\/en-int\/\" title=\"\">subaki-Kabelschlepp<\/a><\/p>\n\n\n\n<ul class=\"wp-block-list\">\n<li><strong>X\u00cdCH D\u1eaaN C\u00c1P<\/strong><\/li>\n<\/ul>\n\n\n\n<div class=\"wp-block-media-text alignwide is-stacked-on-mobile\" style=\"grid-template-columns:38% auto\"><figure class=\"wp-block-media-text__media\"><img loading=\"lazy\" decoding=\"async\" width=\"497\" height=\"172\" src=\"https:\/\/hasa-tech.com\/wp-content\/uploads\/2023\/02\/image-17.png\" alt=\"\" class=\"wp-image-2805 size-full\" srcset=\"https:\/\/hasa-tech.com\/wp-content\/uploads\/2023\/02\/image-17.png 497w, https:\/\/hasa-tech.com\/wp-content\/uploads\/2023\/02\/image-17-300x104.png 300w\" sizes=\"auto, (max-width: 497px) 100vw, 497px\" \/><\/figure><div class=\"wp-block-media-text__content\">\n<p>Ch\u00fang t\u00f4i cung c\u1ea5p x\u00edch d\u1eabn c\u00e1p nh\u1ef1a v\u00e0 x\u00edch d\u1eabn c\u00e1p kim lo\u1ea1i xu\u1ea5t x\u1ee9 t\u1ea1i \u0110\u1ee9c v\u00e0 Nh\u1eadt B\u1ea3n.<\/p>\n\n\n\n<p>\u1ee8ng d\u1ee5ng : c\u1ea9u tr\u1ee5c C\u1ea3ng, c\u1ea9u tr\u1ee5c nh\u00e0 m\u00e1y th\u00e9p, c\u1ea9u tr\u1ee5c nh\u00e0 m\u00e1y xi m\u0103ng, c\u1ea9u tr\u1ee5c nh\u00e0 m\u00e1y nhi\u1ec7t \u0111i\u1ec7n, c\u1ea9u tr\u1ee5c khai th\u00e1c m\u1ecf&#8230;.<\/p>\n<\/div><\/div>\n\n\n\n<ul class=\"wp-block-list\">\n<li><strong>X\u00cdCH T\u1ea2I<\/strong><\/li>\n<\/ul>\n\n\n\n<div class=\"wp-block-media-text alignwide is-stacked-on-mobile\" style=\"grid-template-columns:27% auto\"><figure class=\"wp-block-media-text__media\"><img loading=\"lazy\" decoding=\"async\" width=\"376\" height=\"323\" src=\"https:\/\/hasa-tech.com\/wp-content\/uploads\/2023\/02\/image-18.png\" alt=\"\" class=\"wp-image-2806 size-full\" srcset=\"https:\/\/hasa-tech.com\/wp-content\/uploads\/2023\/02\/image-18.png 376w, https:\/\/hasa-tech.com\/wp-content\/uploads\/2023\/02\/image-18-300x258.png 300w\" sizes=\"auto, (max-width: 376px) 100vw, 376px\" \/><\/figure><div class=\"wp-block-media-text__content\">\n<p>                                  Ch\u00fang t\u00f4i cung c\u1ea5p c\u00e1c lo\u1ea1i x\u00edch t\u1ea3i c\u1ee1 nh\u1ecf v\u00e0 c\u1ee1 l\u1edbn.<\/p>\n\n\n\n<p>                                  \u1ee8ng d\u1ee5ng :  nh\u00e0 m\u00e1y s\u1eaft  th\u00e9p , nh\u00e0 m\u00e1y Xi m\u0103ng, Tr\u1ea1m b\u01a1m &#8211; X\u1eed l\u00fd n\u01b0\u1edbc th\u1ea3i, nh\u00e0 m\u00e1y m\u00eda \u0111\u01b0\u1eddng, nh\u00e0 m\u00e1y nhi\u1ec7t \u0111i\u1ec7n, Khai m\u1ecf, nh\u00e0 m\u00e1y l\u1eafp r\u00e1p \u00f4 t\u00f4.,&#8230;<\/p>\n\n\n\n<p><\/p>\n<\/div><\/div>\n\n\n\n<ul class=\"wp-block-list\">\n<li><strong>V\u00d2NG BI 1 CHI\u1ec0U<\/strong><\/li>\n<\/ul>\n\n\n\n<div class=\"wp-block-media-text alignwide is-stacked-on-mobile\" style=\"grid-template-columns:39% auto\"><figure class=\"wp-block-media-text__media\"><img loading=\"lazy\" decoding=\"async\" width=\"291\" height=\"166\" src=\"https:\/\/hasa-tech.com\/wp-content\/uploads\/2023\/02\/image-19.png\" alt=\"\" class=\"wp-image-2807 size-full\"\/><\/figure><div class=\"wp-block-media-text__content\">\n<p>\u0110\u01b0\u1eddng k\u00ednh l\u1ed7: \u03a68 ~ \u03a6450mm<br>T\u00f9y ch\u1ecdn: B\u00f4i tr\u01a1n d\u1ea7u, v\u1ecf an to\u00e0n, ph\u1ee5 ki\u1ec7n<br>Thay th\u1ebf \u0111\u01b0\u1ee3c model t\u01b0\u01a1ng \u0111\u01b0\u01a1ng c\u00e1c h\u00e3ng: Ringspann, Siber, Maland,<br>Falk\u2026<br>C\u00f4ng su\u1ea5t m\u00f4men xo\u1eafn: l\u00ean \u0111\u1ebfn 98,000 N.m<\/p>\n<\/div><\/div>\n\n\n\n<ul class=\"wp-block-list\">\n<li><strong>H\u1ed8P GI\u1ea2M T\u1ed0C<\/strong><\/li>\n<\/ul>\n\n\n\n<div class=\"wp-block-media-text alignwide is-stacked-on-mobile\" style=\"grid-template-columns:39% auto\"><figure class=\"wp-block-media-text__media\"><img loading=\"lazy\" decoding=\"async\" width=\"306\" height=\"146\" src=\"https:\/\/hasa-tech.com\/wp-content\/uploads\/2023\/02\/image-20.png\" alt=\"\" class=\"wp-image-2808 size-full\" srcset=\"https:\/\/hasa-tech.com\/wp-content\/uploads\/2023\/02\/image-20.png 306w, https:\/\/hasa-tech.com\/wp-content\/uploads\/2023\/02\/image-20-300x143.png 300w\" sizes=\"auto, (max-width: 306px) 100vw, 306px\" \/><\/figure><div class=\"wp-block-media-text__content\">\n<p>H\u1ed9p gi\u1ea3m t\u1ed1c c\u00f3 motor<br>C\u00f4ng su\u1ea5t 40W ~ 5.5kW Tr\u1ee5c song song, vu\u00f4ng g\u00f3c<br>T\u00f9y ch\u1ecdn: Ch\u1ecbu nhi\u1ec7t, ngo\u00e0i tr\u1eddi, ch\u1ed1ng n\u01b0\u1edbc, \u0111i\u1ec7n \u00e1p t\u00f9y ch\u1ecdn, \u0111\u1ed9ng c\u01a1<br>inverter\u2026<br>H\u1ed9p gi\u1ea3m t\u1ed1c kh\u00f4ng c\u00f3 motor<br>T\u00f9y ch\u1ecdn: V\u00f2ng b\u1ecb ch\u1ed1ng quay ng\u01b0\u1ee3c<br>C\u00f4ng su\u1ea5t \u0111\u1ea7u v\u00e0o: l\u00ean \u0111\u1ebfn 237kW M\u00f4men xo\u1eafn tr\u1ee5c ra: l\u00ean \u0111\u1ebfn 23,647 N.m<\/p>\n<\/div><\/div>\n\n\n\n<ul class=\"wp-block-list\">\n<li><strong>KH\u1edaP N\u1ed0I<\/strong><\/li>\n<\/ul>\n\n\n\n<div class=\"wp-block-media-text alignwide is-stacked-on-mobile\" style=\"grid-template-columns:41% auto\"><figure class=\"wp-block-media-text__media\"><img loading=\"lazy\" decoding=\"async\" width=\"318\" height=\"172\" src=\"https:\/\/hasa-tech.com\/wp-content\/uploads\/2023\/02\/image-21.png\" alt=\"\" class=\"wp-image-2809 size-full\" srcset=\"https:\/\/hasa-tech.com\/wp-content\/uploads\/2023\/02\/image-21.png 318w, https:\/\/hasa-tech.com\/wp-content\/uploads\/2023\/02\/image-21-300x162.png 300w\" sizes=\"auto, (max-width: 318px) 100vw, 318px\" \/><\/figure><div class=\"wp-block-media-text__content\">\n<p>Ch\u1ee7ng lo\u1ea1i v\u00e0 k\u00edch c\u1ee1 \u0111a d\u1ea1ng: Kh\u1edbp n\u1ed1i kim lo\u1ea1i, kh\u1edbp n\u1ed1i nh\u1ef1a, kh\u1edbp n\u1ed1i<br>cao su, kh\u1edbp n\u1ed1i linh ho\u1ea1t, kh\u1edbp n\u1ed1i x\u00edch, kh\u1edbp n\u1ed1i \u0111\u0129a\u2026<\/p>\n<\/div><\/div>\n\n\n\n<ul class=\"wp-block-list\">\n<li><strong>XI-LANH \u0110I\u1ec6N<\/strong><\/li>\n<\/ul>\n\n\n\n<div class=\"wp-block-media-text alignwide is-stacked-on-mobile\" style=\"grid-template-columns:39% auto\"><figure class=\"wp-block-media-text__media\"><img loading=\"lazy\" decoding=\"async\" width=\"352\" height=\"166\" src=\"https:\/\/hasa-tech.com\/wp-content\/uploads\/2023\/02\/image-22.png\" alt=\"\" class=\"wp-image-2810 size-full\" srcset=\"https:\/\/hasa-tech.com\/wp-content\/uploads\/2023\/02\/image-22.png 352w, https:\/\/hasa-tech.com\/wp-content\/uploads\/2023\/02\/image-22-300x141.png 300w\" sizes=\"auto, (max-width: 352px) 100vw, 352px\" \/><\/figure><div class=\"wp-block-media-text__content\">\n<p>L\u1ef1c \u0111\u1ea9y: l\u00ean \u0111\u1ebfn 32,000 kgf<br>T\u1ed1c \u0111\u1ed9: 12.5, 25, 50, 100, 150,\u2026\u2026,300mm\/s<br>T\u00f9y ch\u1ecdn: Servo motor, Encorder, \u0111i\u1ec1u ch\u1ec9nh h\u00e0nh tr\u00ecnh, \u0111i\u1ec7n \u00e1p, ch\u1ed1ng b\u1ee5i,<br>ki\u1ec3u l\u1eafp\u2026<\/p>\n<\/div><\/div>\n\n\n\n<ul class=\"wp-block-list\">\n<li><strong>KH\u00d3A TR\u1ee4C<\/strong><\/li>\n<\/ul>\n\n\n\n<div class=\"wp-block-media-text alignwide is-stacked-on-mobile\" style=\"grid-template-columns:40% auto\"><figure class=\"wp-block-media-text__media\"><img loading=\"lazy\" decoding=\"async\" width=\"313\" height=\"157\" src=\"https:\/\/hasa-tech.com\/wp-content\/uploads\/2023\/02\/image-23.png\" alt=\"\" class=\"wp-image-2811 size-full\" srcset=\"https:\/\/hasa-tech.com\/wp-content\/uploads\/2023\/02\/image-23.png 313w, https:\/\/hasa-tech.com\/wp-content\/uploads\/2023\/02\/image-23-300x150.png 300w\" sizes=\"auto, (max-width: 313px) 100vw, 313px\" \/><\/figure><div class=\"wp-block-media-text__content\">\n<p>\u01afu \u0111i\u1ec3m: Kh\u00f4ng c\u1ea7n r\u00e3nh then, kh\u00f4ng c\u00f3 \u0111\u1ed9 d\u01a1, kh\u00f4ng m\u00f2n, c\u00e2n b\u1eb1ng<br>\u0111\u1ed9ng t\u1ed1t v\u00ec kh\u00f4ng c\u00f3 r\u00e3nh then, d\u1ec5 l\u1eafp \u0111\u1eb7t.<\/p>\n<\/div><\/div>\n\n\n\n<ul class=\"wp-block-list\">\n<li><strong>THI\u1ebeT B\u1eca CH\u1ed0NG QU\u00c1 T\u1ea2I<\/strong><\/li>\n<\/ul>\n\n\n\n<div class=\"wp-block-media-text alignwide is-stacked-on-mobile\" style=\"grid-template-columns:40% auto\"><figure class=\"wp-block-media-text__media\"><img loading=\"lazy\" decoding=\"async\" width=\"337\" height=\"170\" src=\"https:\/\/hasa-tech.com\/wp-content\/uploads\/2023\/02\/image-24.png\" alt=\"\" class=\"wp-image-2812 size-full\" srcset=\"https:\/\/hasa-tech.com\/wp-content\/uploads\/2023\/02\/image-24.png 337w, https:\/\/hasa-tech.com\/wp-content\/uploads\/2023\/02\/image-24-300x151.png 300w\" sizes=\"auto, (max-width: 337px) 100vw, 337px\" \/><\/figure><div class=\"wp-block-media-text__content\">\n<p>Thi\u1ebft b\u1ecb ch\u1ed1ng qu\u00e1 t\u1ea3i : Lo\u1ea1i C\u01a1 v\u00e0 lo\u1ea1i \u0110i\u1ec7n, b\u1ea3o v\u1ec7 an to\u00e0n cho thi\u1ebft b\u1ecb khi<br>qu\u00e1 t\u1ea3i, ch\u1ed1ng shock t\u1ea3i.<br>Thi\u1ebft b\u1ecb \u0111i\u1ec1u khi\u1ec3n: ki\u1ec3m so\u00e1t t\u00ecnh tr\u1ea1ng ho\u1ea1t \u0111\u1ed9ng c\u1ee7a thi\u1ebft b\u1ecb v\u00e0 duy tr\u00ec \u0111i\u1ec1u<br>ki\u1ec7n l\u00e0m vi\u1ec7c an to\u00e0n.<\/p>\n<\/div><\/div>\n","protected":false},"excerpt":{"rendered":"<p>C\u00d4NG TY TNHH \u0110\u1ea6U T\u01af TH\u01af\u01a0NG M\u1ea0I D\u1ecaCH V\u1ee4\u00a0HASA&#8211;TECHNOLOGY ch\u00fang t\u00f4i \u0111\u01b0\u1ee3c vinh d\u1ef1 ph\u00e2n ph\u1ed1i c\u00e1c s\u1ea3n ph\u1ea9m c\u1ee7a h\u00e3ng TSUBAKI t\u1ea1i VI\u1ec6T NAM nh\u1eefng s\u1ea3n ph\u1ea9m nh\u01b0 x\u00edch nh\u1ef1a, x\u00edch th\u00e9p, kh\u1ed1i n\u1ed1i, xi-lanh \u0111i\u1ec7n, h\u1ed9p s\u1ed1 gi\u1ea3m t\u1ed1c, thi\u1ebft b\u1ecb ch\u1ed1ng qu\u00e1 t\u1ea3i,&#8230; Agreement to HASA-TECH: As an authorized reseller for Tsubaki [&hellip;]<\/p>\n","protected":false},"author":2,"featured_media":0,"parent":0,"menu_order":0,"comment_status":"closed","ping_status":"closed","template":"","meta":{"footnotes":""},"class_list":["post-2796","page","type-page","status-publish","hentry"],"blocksy_meta":{"styles_descriptor":{"styles":{"desktop":"","tablet":"","mobile":""},"google_fonts":[],"version":6}},"_links":{"self":[{"href":"https:\/\/hasa-tech.com\/index.php\/wp-json\/wp\/v2\/pages\/2796","targetHints":{"allow":["GET"]}}],"collection":[{"href":"https:\/\/hasa-tech.com\/index.php\/wp-json\/wp\/v2\/pages"}],"about":[{"href":"https:\/\/hasa-tech.com\/index.php\/wp-json\/wp\/v2\/types\/page"}],"author":[{"embeddable":true,"href":"https:\/\/hasa-tech.com\/index.php\/wp-json\/wp\/v2\/users\/2"}],"replies":[{"embeddable":true,"href":"https:\/\/hasa-tech.com\/index.php\/wp-json\/wp\/v2\/comments?post=2796"}],"version-history":[{"count":6,"href":"https:\/\/hasa-tech.com\/index.php\/wp-json\/wp\/v2\/pages\/2796\/revisions"}],"predecessor-version":[{"id":3050,"href":"https:\/\/hasa-tech.com\/index.php\/wp-json\/wp\/v2\/pages\/2796\/revisions\/3050"}],"wp:attachment":[{"href":"https:\/\/hasa-tech.com\/index.php\/wp-json\/wp\/v2\/media?parent=2796"}],"curies":[{"name":"wp","href":"https:\/\/api.w.org\/{rel}","templated":true}]}}