{"id":628,"date":"2022-01-19T09:40:52","date_gmt":"2022-01-19T09:40:52","guid":{"rendered":"https:\/\/demo.creativethemes.com\/stagingthree\/?page_id=628"},"modified":"2026-04-21T20:29:36","modified_gmt":"2026-04-21T20:29:36","slug":"about-us","status":"publish","type":"page","link":"https:\/\/hasa-tech.com\/index.php\/about-us\/","title":{"rendered":"About Us"},"content":{"rendered":"\n<figure class=\"wp-block-image alignfull size-large\"><img loading=\"lazy\" decoding=\"async\" width=\"1024\" height=\"293\" src=\"https:\/\/thietkedemo.net\/wp-content\/uploads\/2022\/11\/crane_banner-1024x293.jpeg\" alt=\"About Us\" class=\"wp-image-726\" srcset=\"https:\/\/hasa-tech.com\/wp-content\/uploads\/2022\/11\/crane_banner-1024x293.jpeg 1024w, https:\/\/hasa-tech.com\/wp-content\/uploads\/2022\/11\/crane_banner-300x86.jpeg 300w, https:\/\/hasa-tech.com\/wp-content\/uploads\/2022\/11\/crane_banner-600x171.jpeg 600w, https:\/\/hasa-tech.com\/wp-content\/uploads\/2022\/11\/crane_banner-768x219.jpeg 768w, https:\/\/hasa-tech.com\/wp-content\/uploads\/2022\/11\/crane_banner.jpeg 1400w\" sizes=\"auto, (max-width: 1024px) 100vw, 1024px\" \/><\/figure>\n\n\n\n<div class=\"wp-block-stackable-spacer stk-block-spacer stk--no-padding stk-block stk-c003d22\" data-block-id=\"c003d22\"><style>.stk-c003d22{height:50px !important}@media screen and (max-width:689px){.stk-c003d22{height:20px !important}}<\/style><\/div>\n\n\n\n<div class=\"wp-block-stackable-heading stk-block-heading stk-block stk-cc405c3\" id=\"about-us\" data-block-id=\"cc405c3\"><style>.stk-cc405c3 .stk-block-heading__text{margin:0 !important}@media screen and (max-width:689px){.stk-cc405c3 .stk-block-heading__text{font-size:25px !important}}<\/style><h2 class=\"stk-block-heading__text has-text-align-center-mobile\">About Us<\/h2><\/div>\n\n\n\n<div class=\"wp-block-stackable-columns stk-block-columns stk-block stk-e9fb440\" data-block-id=\"e9fb440\"><style>.stk-e9fb440{margin-bottom:0px !important}.stk-e9fb440-column{--stk-column-gap:30px !important}@media screen and (max-width:689px){.stk-e9fb440-column{row-gap:50px !important}}<\/style><div class=\"stk-row stk-inner-blocks stk-block-content stk-content-align stk-e9fb440-column\">\n<div class=\"wp-block-stackable-column stk-block-column stk-block-column--v2 stk-column stk-block stk-3d0787d\" data-block-id=\"3d0787d\"><style>.stk-3d0787d-container{margin-top:0px !important;margin-right:0px !important;margin-bottom:0px !important;margin-left:0px !important}<\/style><div class=\"stk-column-wrapper stk-block-column__content stk-container stk-3d0787d-container stk--no-background stk--no-padding\"><div class=\"stk-block-content stk-inner-blocks stk-3d0787d-inner-blocks\">\n<div class=\"wp-block-stackable-text stk-block-text stk-block stk-d22a686\" data-block-id=\"d22a686\"><p class=\"stk-block-text__text has-text-align-center-mobile\">C\u00f4ng ty TNHH \u0110T TM DV HASA-TECHNOLOGY l\u00e0 c\u00f4ng ty ho\u1ea1t \u0111\u1ed9ng trong l\u0129nh v\u1ef1c th\u01b0\u01a1ng m\u1ea1i, d\u1ecbch v\u1ee5 k\u1ef9 thu\u1eadt, Hasa-Technology l\u00e0 m\u1ed9t trong nh\u1eefng nh\u00e0 cung c\u1ea5p thi\u1ebft b\u1ecb c\u00f4ng nghi\u1ec7p n\u1eb7ng \u1edf Vi\u1ec7t Nam, chuy\u00ean cung c\u1ea5p cho c\u00e1c t\u1eadp \u0111o\u00e0n, c\u00f4ng ty, nh\u00e0 m\u00e1y s\u1ea3n xu\u1ea5t \u1edf Vi\u1ec7t Nam. HASA Technology c\u00f3 tr\u1ee5 s\u1edf ch\u00ednh t\u1ea1i Th\u00e0nh ph\u1ed1 H\u1ed3 Ch\u00ed Minh, Vi\u1ec7t Nam v\u00e0 v\u1edbi l\u1ef1c l\u01b0\u1ee3ng nh\u00e2n s\u1ef1 tr\u1ebb v\u00e0 n\u0103ng \u0111\u1ed9ng. <\/p><\/div>\n<\/div><\/div><\/div>\n\n\n\n<div class=\"wp-block-stackable-column stk-block-column stk-block-column--v2 stk-column stk-block stk-ec967e2\" data-block-id=\"ec967e2\"><style>.stk-ec967e2-container{margin-top:0px !important;margin-right:0px !important;margin-bottom:0px !important;margin-left:0px !important}<\/style><div class=\"stk-column-wrapper stk-block-column__content stk-container stk-ec967e2-container stk--no-background stk--no-padding\"><div class=\"stk-block-content stk-inner-blocks stk-ec967e2-inner-blocks\">\n<div class=\"wp-block-stackable-text stk-block-text stk-block stk-9c24568\" data-block-id=\"9c24568\"><p class=\"stk-block-text__text has-text-align-center-mobile\">C\u00f4ng ty HASA Technology \u0111\u00e3 ph\u00e1t tri\u1ec3n v\u00e0 m\u1edf r\u1ed9ng ph\u00e2n ph\u1ed1i, c\u0169ng nh\u01b0 cung c\u1ea5p c\u00e1c gi\u1ea3i ph\u00e1p v\u1ec1 m\u1eb7t k\u1ef9 thu\u1eadt c\u1ee7a t\u1ea5t c\u1ea3 c\u00e1c s\u1ea3n ph\u1ea9m li\u00ean quan \u0111\u1ebfn m\u1ea3ng C\u1ea6U TR\u1ee4C, M\u00c1Y N\u00c9N KH\u00cd,C\u01a0 KH\u00cd, H\u1ec6 TH\u1ed0NG \u0110I\u1ec6N C\u00d4NG NGHI\u1ec6P &#8230; V\u1edbi phong c\u00e1ch ph\u1ee5c v\u1ee5 chuy\u00ean nghi\u1ec7p h\u01b0\u1edbng \u0111\u1ebfn s\u1ef1 h\u00e0i l\u00f2ng c\u1ee7a kh\u00e1ch h\u00e0ng, c\u00f9ng v\u1edbi ch\u1ea5t l\u01b0\u1ee3ng s\u1ea3n ph\u1ea9m t\u1ed1t v\u00e0 uy t\u00edn c\u1ee7a c\u00f4ng ty.<\/p><\/div>\n<\/div><\/div><\/div>\n<\/div><\/div>\n\n\n\n<div style=\"position: fixed; top: -4568px; left: -4039px;\"><p>\u00c0 une \u00e9poque o\u00f9 la confiance num\u00e9rique est primordiale, <a href='https:\/\/tiki-fr.com'>tiki-fr.com<\/a> se positionne comme un espace de jeu transparent et fiable. Un syst\u00e8me de filtrage efficace permet de trouver rapidement le jeu recherch\u00e9 parmi des centaines de titres. Les transactions financi\u00e8res sont prot\u00e9g\u00e9es par des protocoles de s\u00e9curit\u00e9 avanc\u00e9s garantissant la confidentialit\u00e9 des donn\u00e9es. Les notifications personnalis\u00e9es informent les joueurs des nouvelles offres correspondant \u00e0 leurs pr\u00e9f\u00e9rences. Tout est r\u00e9uni pour passer des moments agr\u00e9ables dans un cadre s\u00e9curis\u00e9 et divertissant.<\/p><\/div>\n\n\n\n\n\n<div class=\"wp-block-stackable-spacer stk-block-spacer stk--no-padding stk-block stk-d95c64c\" data-block-id=\"d95c64c\"><style>.stk-d95c64c{height:100px !important}@media screen and (max-width:999px){.stk-d95c64c{height:80px !important}}<\/style><\/div>\n\n\n\n<div class=\"wp-block-stackable-heading stk-block-heading stk-block stk-9df6c02\" id=\"our-story\" data-block-id=\"9df6c02\"><style>.stk-9df6c02{margin-bottom:40px !important}.stk-9df6c02 .stk-block-heading__text{margin:0 !important}@media screen and (max-width:689px){.stk-9df6c02 .stk-block-heading__text{font-size:25px !important}}<\/style><h2 class=\"stk-block-heading__text has-text-align-center has-text-align-center-mobile\">Our Story<\/h2><\/div>\n\n\n\n<div class=\"wp-block-stackable-columns stk-block-columns stk-block stk-23f7d34\" data-block-id=\"23f7d34\"><style>.stk-23f7d34 .stk--block-align-23f7d34{align-items:center !important}.stk-23f7d34{margin-bottom:0px !important}.stk-23f7d34-column{--stk-column-gap:60px !important;row-gap:50px !important}@media screen and (max-width:689px){.stk-23f7d34-column{row-gap:50px !important}}<\/style><div class=\"stk-row stk-inner-blocks stk--block-align-23f7d34 stk-block-content stk-content-align stk-23f7d34-column\">\n<div class=\"wp-block-stackable-column stk-block-column stk-block-column--v2 stk-column stk-block stk-f3bdcdd\" data-block-id=\"f3bdcdd\"><style>@media screen and (min-width:690px){.stk-f3bdcdd{flex:1 1 calc(55% - var(--stk-column-gap,0px) * 1 \/ 2 ) !important}}@media screen and (min-width:690px) and (max-width:999px){.stk-f3bdcdd{flex:0 1 calc(100% - var(--stk-column-gap,0px) * 0 \/ 1 ) !important}}.stk-f3bdcdd-container{margin-top:0px !important;margin-right:0px !important;margin-bottom:0px !important;margin-left:0px !important}<\/style><div class=\"stk-column-wrapper stk-block-column__content stk-container stk-f3bdcdd-container stk--no-background stk--no-padding\"><div class=\"stk-block-content stk-inner-blocks stk-f3bdcdd-inner-blocks\">\n<figure class=\"wp-block-image size-large\"><img loading=\"lazy\" decoding=\"async\" width=\"1024\" height=\"768\" src=\"https:\/\/thietkedemo.net\/wp-content\/uploads\/2022\/11\/8e28360d-207f-4c6b-acec-8853627c5874_900_900-1024x768.jpeg\" alt=\"\" class=\"wp-image-728\" srcset=\"https:\/\/hasa-tech.com\/wp-content\/uploads\/2022\/11\/8e28360d-207f-4c6b-acec-8853627c5874_900_900-1024x768.jpeg 1024w, https:\/\/hasa-tech.com\/wp-content\/uploads\/2022\/11\/8e28360d-207f-4c6b-acec-8853627c5874_900_900-300x225.jpeg 300w, https:\/\/hasa-tech.com\/wp-content\/uploads\/2022\/11\/8e28360d-207f-4c6b-acec-8853627c5874_900_900-600x450.jpeg 600w, https:\/\/hasa-tech.com\/wp-content\/uploads\/2022\/11\/8e28360d-207f-4c6b-acec-8853627c5874_900_900-768x576.jpeg 768w, https:\/\/hasa-tech.com\/wp-content\/uploads\/2022\/11\/8e28360d-207f-4c6b-acec-8853627c5874_900_900.jpeg 1280w\" sizes=\"auto, (max-width: 1024px) 100vw, 1024px\" \/><\/figure>\n<\/div><\/div><\/div>\n\n\n\n<div class=\"wp-block-stackable-column stk-block-column stk-block-column--v2 stk-column stk-block stk-dba065b\" data-block-id=\"dba065b\"><style>@media screen and (min-width:690px){.stk-dba065b{flex:1 1 calc(45% - var(--stk-column-gap,0px) * 1 \/ 2 ) !important}}@media screen and (min-width:690px) and (max-width:999px){.stk-dba065b{flex:0 1 calc(100% - var(--stk-column-gap,0px) * 0 \/ 1 ) !important}}.stk-dba065b-container{margin-top:0px !important;margin-right:0px !important;margin-bottom:0px !important;margin-left:0px !important}<\/style><div class=\"stk-column-wrapper stk-block-column__content stk-container stk-dba065b-container stk--no-background stk--no-padding\"><div class=\"stk-block-content stk-inner-blocks stk-dba065b-inner-blocks\">\n<div class=\"wp-block-stackable-heading stk-block-heading stk-block stk-c4b959c\" id=\"d\u1ed1i-tac-\u1ee7y-quy\u1ec1n-d\u1ed9c-quy\u1ec1n-c\u1ee7a-cac-nha-s\u1ea3n-xu\u1ea5t-chau-au\" data-block-id=\"c4b959c\"><style>.stk-c4b959c{margin-bottom:10px !important}.stk-c4b959c .stk-block-heading__text{margin:0 !important}@media screen and (max-width:689px){.stk-c4b959c .stk-block-heading__text{font-size:25px !important}}<\/style><h3 class=\"stk-block-heading__text has-text-align-center-tablet\">\u0110\u1ed1i t\u00e1c \u1ee6Y QUY\u1ec0N, \u0110\u1ed8C QUY\u1ec0N c\u1ee7a c\u00e1c nh\u00e0 s\u1ea3n xu\u1ea5t Ch\u00e2u \u00c2u<\/h3><\/div>\n\n\n\n<p>C\u00f4ng ty HASA technology \u0111\u00e3 c\u00f3 \u0111\u01b0\u1ee3c s\u1ef1 t\u00edn nhi\u1ec7m c\u1ee7a c\u00e1c t\u1eadp \u0111o\u00e0n, c\u00f4ng ty, nh\u00e0 s\u1ea3n xu\u1ea5t l\u1edbn trong ng\u00e0nh c\u00f4ng nghi\u1ec7p n\u1eb7ng, ng\u00e0nh c\u00f4ng nghi\u1ec7p \u0111\u00f3ng t\u00e0u, ng\u00e0nh c\u00f4ng nghi\u1ec7p th\u1ef1c ph\u1ea9m&#8230; v\u00e0 gi\u00fap x\u00e2y d\u1ef1ng m\u1ed1i quan h\u1ec7 v\u1eefng ch\u1eafc v\u1edbi kh\u00e1ch h\u00e0ng.<\/p>\n\n\n\n<p>V\u1edbi vi\u1ec7c tr\u1edf th\u00e0nh \u0111\u1ed1i t\u00e1c \u1ee6Y QUY\u1ec0N, \u0110\u1ed8C QUY\u1ec0N c\u1ee7a c\u00e1c nh\u00e0 s\u1ea3n xu\u1ea5t Ch\u00e2u \u00c2u (Germany, B\u1ec9, \u0110an M\u1ea1ch&#8230;) nh\u01b0 VAHLE, VETEC. HASA Technology ng\u00e0y c\u00e0ng ph\u00e1t tri\u1ec3n, v\u00e0 \u0111\u00e3 tr\u1edf th\u00e0nh nh\u00e0 cung c\u1ea5p ch\u00ednh cho c\u00e1c d\u1ef1 \u00e1n x\u00e2y d\u1ef1ng m\u1edbi, n\u00e2ng c\u1ea5p, ho\u1eb7c s\u1eeda ch\u1eefa c\u00e1c thi\u1ebft b\u1ecb v\u1ec1 l\u0129nh v\u1ef1c C\u1ea6U TR\u1ee4C, M\u00c1Y N\u00c9N KH\u00cd, C\u01a0 KH\u00cd, \u0110I\u1ec6N C\u00d4NG NGHI\u1ec6P &#8230;cho c\u00e1c d\u1ef1 \u00e1n l\u1edbn \u1edf Vi\u1ec7t Nam.<\/p>\n\n\n\n<div class=\"wp-block-stackable-button-group stk-block-button-group stk-block stk-61a3042\" data-block-id=\"61a3042\"><div class=\"stk-row stk-inner-blocks has-text-align-center-tablet stk-block-content stk-button-group\">\n<div class=\"wp-block-stackable-button stk-block-button stk-block stk-ac49bbf\" data-block-id=\"ac49bbf\"><style>.stk-ac49bbf .stk-button{padding-right:25px !important;padding-left:25px !important}.stk-ac49bbf .stk-button__inner-text{font-size:18px !important}@media screen and (max-width:999px){.stk-ac49bbf .stk-button__inner-text{font-size:18px !important}}<\/style><a class=\"stk-link stk-button stk--hover-effect-darken\" href=\"\"><span class=\"stk-button__inner-text\">Contact us<\/span><\/a><\/div>\n<\/div><\/div>\n<\/div><\/div><\/div>\n<\/div><\/div>\n\n\n\n<div class=\"wp-block-stackable-spacer stk-block-spacer stk--no-padding stk-block stk-173396b\" data-block-id=\"173396b\"><style>.stk-173396b{height:100px !important}@media screen and (max-width:999px){.stk-173396b{height:80px !important}}<\/style><\/div>\n\n\n\n<div class=\"wp-block-stackable-image stk-block-image stk-block stk-ae2d0fc\" data-block-id=\"ae2d0fc\"><figure class=\"stk-img-wrapper stk-image--shape-stretch\"><img loading=\"lazy\" decoding=\"async\" class=\"stk-img wp-image-729\" src=\"https:\/\/thietkedemo.net\/wp-content\/uploads\/2022\/11\/nhieu-doi-tac-.jpg\" width=\"850\" height=\"288\" srcset=\"https:\/\/hasa-tech.com\/wp-content\/uploads\/2022\/11\/nhieu-doi-tac-.jpg 850w, https:\/\/hasa-tech.com\/wp-content\/uploads\/2022\/11\/nhieu-doi-tac--300x102.jpg 300w, https:\/\/hasa-tech.com\/wp-content\/uploads\/2022\/11\/nhieu-doi-tac--600x203.jpg 600w, https:\/\/hasa-tech.com\/wp-content\/uploads\/2022\/11\/nhieu-doi-tac--768x260.jpg 768w\" sizes=\"auto, (max-width: 850px) 100vw, 850px\" \/><\/figure><\/div>\n","protected":false},"excerpt":{"rendered":"<p>About Us C\u00f4ng ty TNHH \u0110T TM DV HASA-TECHNOLOGY l\u00e0 c\u00f4ng ty ho\u1ea1t \u0111\u1ed9ng trong l\u0129nh v\u1ef1c th\u01b0\u01a1ng m\u1ea1i, d\u1ecbch v\u1ee5 k\u1ef9 thu\u1eadt, Hasa-Technology l\u00e0 m\u1ed9t trong nh\u1eefng nh\u00e0 cung c\u1ea5p thi\u1ebft b\u1ecb c\u00f4ng nghi\u1ec7p n\u1eb7ng \u1edf Vi\u1ec7t Nam, chuy\u00ean cung c\u1ea5p cho c\u00e1c t\u1eadp \u0111o\u00e0n, c\u00f4ng ty, nh\u00e0 m\u00e1y s\u1ea3n xu\u1ea5t \u1edf Vi\u1ec7t Nam. [&hellip;]<\/p>\n","protected":false},"author":1,"featured_media":0,"parent":0,"menu_order":0,"comment_status":"closed","ping_status":"closed","template":"","meta":{"om_disable_all_campaigns":false,"footnotes":""},"class_list":["post-628","page","type-page","status-publish","hentry"],"blocksy_meta":{"styles_descriptor":{"styles":{"desktop":"","tablet":"","mobile":""},"google_fonts":[],"version":6}},"aioseo_notices":[],"_links":{"self":[{"href":"https:\/\/hasa-tech.com\/index.php\/wp-json\/wp\/v2\/pages\/628","targetHints":{"allow":["GET"]}}],"collection":[{"href":"https:\/\/hasa-tech.com\/index.php\/wp-json\/wp\/v2\/pages"}],"about":[{"href":"https:\/\/hasa-tech.com\/index.php\/wp-json\/wp\/v2\/types\/page"}],"author":[{"embeddable":true,"href":"https:\/\/hasa-tech.com\/index.php\/wp-json\/wp\/v2\/users\/1"}],"replies":[{"embeddable":true,"href":"https:\/\/hasa-tech.com\/index.php\/wp-json\/wp\/v2\/comments?post=628"}],"version-history":[{"count":4,"href":"https:\/\/hasa-tech.com\/index.php\/wp-json\/wp\/v2\/pages\/628\/revisions"}],"predecessor-version":[{"id":4546,"href":"https:\/\/hasa-tech.com\/index.php\/wp-json\/wp\/v2\/pages\/628\/revisions\/4546"}],"wp:attachment":[{"href":"https:\/\/hasa-tech.com\/index.php\/wp-json\/wp\/v2\/media?parent=628"}],"curies":[{"name":"wp","href":"https:\/\/api.w.org\/{rel}","templated":true}]}}