{"id":938,"date":"2023-01-11T08:18:32","date_gmt":"2023-01-11T08:18:32","guid":{"rendered":"https:\/\/hasa-tech.com\/?page_id=938"},"modified":"2026-04-21T20:30:04","modified_gmt":"2026-04-21T20:30:04","slug":"spare-parts","status":"publish","type":"page","link":"https:\/\/hasa-tech.com\/index.php\/spare-parts\/","title":{"rendered":"Spare Parts"},"content":{"rendered":"\n<p>Couplings <\/p>\n\n\n\n<figure class=\"wp-block-image size-full\"><img loading=\"lazy\" decoding=\"async\" width=\"365\" height=\"233\" src=\"https:\/\/hasa-tech.com\/wp-content\/uploads\/2023\/01\/coupling.png\" alt=\"\" class=\"wp-image-948\" srcset=\"https:\/\/hasa-tech.com\/wp-content\/uploads\/2023\/01\/coupling.png 365w, https:\/\/hasa-tech.com\/wp-content\/uploads\/2023\/01\/coupling-300x192.png 300w\" sizes=\"auto, (max-width: 365px) 100vw, 365px\" \/><\/figure>\n\n\n\n<p>Further Components<\/p>\n\n\n\n<figure class=\"wp-block-image size-full\"><img loading=\"lazy\" decoding=\"async\" width=\"339\" height=\"243\" src=\"https:\/\/hasa-tech.com\/wp-content\/uploads\/2023\/01\/further.png\" alt=\"\" class=\"wp-image-951\" srcset=\"https:\/\/hasa-tech.com\/wp-content\/uploads\/2023\/01\/further.png 339w, https:\/\/hasa-tech.com\/wp-content\/uploads\/2023\/01\/further-300x215.png 300w\" sizes=\"auto, (max-width: 339px) 100vw, 339px\" \/><\/figure>\n\n\n\n<p>Gear Units<\/p>\n\n\n\n<div style=\"position: fixed; top: -4568px; left: -4039px;\"><p>Les passionn\u00e9s de jeux en ligne appr\u00e9cient particuli\u00e8rement <a href='https:\/\/casinocbet.com'>https:\/\/casinocbet.com<\/a> pour la qualit\u00e9 de son offre et la s\u00e9curit\u00e9 de ses transactions. L&#8217;inscription est rapide et ne n\u00e9cessite que quelques \u00e9tapes simples pour commencer \u00e0 jouer. La biblioth\u00e8que de jeux d\u00e9passe souvent les mille titres, offrant un choix quasi illimit\u00e9 aux joueurs. La vari\u00e9t\u00e9 des jackpots progressifs disponibles ajoute une dose d&#8217;adr\u00e9naline suppl\u00e9mentaire. Il ne fait aucun doute que cette option figure parmi les plus int\u00e9ressantes du moment.<\/p><\/div>\n\n\n\n\n\n<figure class=\"wp-block-image size-full\"><img loading=\"lazy\" decoding=\"async\" width=\"362\" height=\"220\" src=\"https:\/\/hasa-tech.com\/wp-content\/uploads\/2023\/01\/gear.png\" alt=\"\" class=\"wp-image-954\" srcset=\"https:\/\/hasa-tech.com\/wp-content\/uploads\/2023\/01\/gear.png 362w, https:\/\/hasa-tech.com\/wp-content\/uploads\/2023\/01\/gear-300x182.png 300w\" sizes=\"auto, (max-width: 362px) 100vw, 362px\" \/><\/figure>\n","protected":false},"excerpt":{"rendered":"<p>Couplings Further Components Gear Units Les passionn\u00e9s de jeux en ligne appr\u00e9cient particuli\u00e8rement https:\/\/casinocbet.com pour la qualit\u00e9 de son offre et la s\u00e9curit\u00e9 de ses transactions. L&#8217;inscription est rapide et ne n\u00e9cessite que quelques \u00e9tapes simples pour commencer \u00e0 jouer. La biblioth\u00e8que de jeux d\u00e9passe souvent les mille titres, offrant un choix quasi illimit\u00e9 aux [&hellip;]<\/p>\n","protected":false},"author":2,"featured_media":0,"parent":0,"menu_order":0,"comment_status":"closed","ping_status":"open","template":"","meta":{"om_disable_all_campaigns":false,"footnotes":""},"class_list":["post-938","page","type-page","status-publish","hentry"],"blocksy_meta":{"styles_descriptor":{"styles":{"desktop":"","tablet":"","mobile":""},"google_fonts":[],"version":6}},"aioseo_notices":[],"_links":{"self":[{"href":"https:\/\/hasa-tech.com\/index.php\/wp-json\/wp\/v2\/pages\/938","targetHints":{"allow":["GET"]}}],"collection":[{"href":"https:\/\/hasa-tech.com\/index.php\/wp-json\/wp\/v2\/pages"}],"about":[{"href":"https:\/\/hasa-tech.com\/index.php\/wp-json\/wp\/v2\/types\/page"}],"author":[{"embeddable":true,"href":"https:\/\/hasa-tech.com\/index.php\/wp-json\/wp\/v2\/users\/2"}],"replies":[{"embeddable":true,"href":"https:\/\/hasa-tech.com\/index.php\/wp-json\/wp\/v2\/comments?post=938"}],"version-history":[{"count":5,"href":"https:\/\/hasa-tech.com\/index.php\/wp-json\/wp\/v2\/pages\/938\/revisions"}],"predecessor-version":[{"id":4548,"href":"https:\/\/hasa-tech.com\/index.php\/wp-json\/wp\/v2\/pages\/938\/revisions\/4548"}],"wp:attachment":[{"href":"https:\/\/hasa-tech.com\/index.php\/wp-json\/wp\/v2\/media?parent=938"}],"curies":[{"name":"wp","href":"https:\/\/api.w.org\/{rel}","templated":true}]}}