
{"id":956,"date":"2023-01-11T08:46:02","date_gmt":"2023-01-11T08:46:02","guid":{"rendered":"https:\/\/hasa-tech.com\/?page_id=956"},"modified":"2026-04-21T20:30:21","modified_gmt":"2026-04-21T20:30:21","slug":"cable","status":"publish","type":"page","link":"https:\/\/hasa-tech.com\/index.php\/cable\/","title":{"rendered":"Cable"},"content":{"rendered":"\n<p><strong>C\u00d4NG TY TNHH \u0110\u1ea6U T\u01af TMDV HASA-TECHNOLOGY<\/strong> cung c\u1ea5p&nbsp;c\u00e1p \u0111i\u1ec7n v\u1edbi r\u1ea5t nhi\u1ec1u ch\u1ee7ng lo\u1ea1i c\u00e1p \u0111i\u1ec7n s\u1eed d\u1ee5ng trong c\u00e1c l\u0129nh v\u1ef1c c\u00f4ng nghi\u1ec7p kh\u00e1c nhau, bao g\u1ed3m&nbsp;c\u00e1p c\u00f4ng nghi\u1ec7p ( \u0111i\u1ec1u khi\u1ec3n m\u1ec1m ch\u1ed1ng nhi\u1ec5u &amp; kh\u00f4ng ch\u1ed1ng nhi\u1ec5u) , c\u00e1p t\u00edn hi\u1ec7u \u0111o l\u01b0\u1eddng, \u0111i\u1ec3u khi\u1ec3n (instrumentation &amp; instrumentation&nbsp;control); Profibus &amp; Fieldbus&nbsp;Technology&nbsp;(Profibus, Foundation Fieldbus, Modbus RS 485) , c\u00e1p ch\u1ed1ng ch\u00e1y,&nbsp;c\u00e1p EIB cho t\u00f2a nh\u00e0 th\u00f4ng minh, c\u00e1p t\u00edn hi\u1ec7u d\u00f9ng trong h\u1ec7 th\u1ed1ng b\u00e1o ch\u00e1y cho t\u00f2a nh\u00e0, c\u00e1p cao su, c\u00e1p data d\u00f9ng trong c\u00e1c h\u1ec7 th\u1ed1ng \u0111o l\u01b0\u1eddng \u0111i\u1ec1u khi\u1ec3n, C\u00e1p \u0111\u1ed9ng l\u1ef1c \u1ee9ng d\u1ee5ng trong ng\u00e0nh Port, Automation, Oil &amp; Gas, Offshore and Marine, Cement, Steel Plants,&nbsp;Power&nbsp;Plants, Nhi\u1ec7t \u0110i\u1ec7n, C\u1ea9u tr\u1ee5c nh\u00e0 m\u00e1y, H\u1ea7m m\u1ecf , Building c\u0169ng nh\u01b0 c\u00e1c nh\u00e0 m\u00e1y h\u00f3a ch\u1ea5t kh\u00e1c. Ngo\u00e0i ra ch\u00fang t\u00f4i c\u00f2n cung c\u1ea5p c\u00e1c lo\u1ea1i c\u00e1p \u0111\u1ed3ng tr\u1ee5c cho h\u1ec7 th\u1ed1ng camera, c\u00e1p cho m\u1ea1ng LAN CAT 5 \/ CAT 6 \/CAT 7 v\u00e0 c\u00e1p quang.<\/p>\n\n\n\n<p><strong>C\u00d4NG TY TNHH \u0110\u1ea6U T\u01af TMDV HASA-TECHNOLOGY<\/strong>&nbsp;l\u00e0 nh\u00e0 ph\u00e2n ph\u1ed1i th\u01b0\u01a1ng hi\u1ec7u EU\/G7 r\u1ea5t nhi\u1ec1u h\u00e3ng t\u1ea1i ch\u00e2u \u00e2u v\u1edbi nhi\u1ec1u l\u0129nh v\u1ef1c kh\u00e1c nhau mang \u0111\u1ebfn s\u1ef1 ch\u1ea5t l\u01b0\u1ee3ng uy t\u00edn tin c\u1eady cao.<\/p>\n\n\n\n<p><strong>Cable use for Crane<\/strong><\/p>\n\n\n\n<div class=\"wp-block-media-text alignwide is-stacked-on-mobile\" style=\"grid-template-columns:24% auto\"><figure class=\"wp-block-media-text__media\"><img loading=\"lazy\" decoding=\"async\" width=\"527\" height=\"566\" src=\"https:\/\/hasa-tech.com\/wp-content\/uploads\/2023\/02\/Capture-1-1.png\" alt=\"\" class=\"wp-image-2734 size-full\" srcset=\"https:\/\/hasa-tech.com\/wp-content\/uploads\/2023\/02\/Capture-1-1.png 527w, https:\/\/hasa-tech.com\/wp-content\/uploads\/2023\/02\/Capture-1-1-279x300.png 279w\" sizes=\"auto, (max-width: 527px) 100vw, 527px\" \/><\/figure><div class=\"wp-block-media-text__content\">\n<p>Low voltage reeling and festooning <\/p>\n\n\n\n<p>Medium voltage reeling and festooning<\/p>\n\n\n\n<p>Basket Cable <\/p>\n\n\n\n<p>Vertical application and high tensile load <\/p>\n\n\n\n<p>Chain Cable<\/p>\n\n\n\n<p><br><\/p>\n<\/div><\/div>\n\n\n\n<p><strong>Cable use for Industrial<\/strong><\/p>\n\n\n\n<div class=\"wp-block-media-text alignwide is-stacked-on-mobile\" style=\"grid-template-columns:25% auto\"><figure class=\"wp-block-media-text__media\"><img loading=\"lazy\" decoding=\"async\" width=\"731\" height=\"245\" src=\"https:\/\/hasa-tech.com\/wp-content\/uploads\/2023\/02\/sssda.png\" alt=\"\" class=\"wp-image-2735 size-full\" srcset=\"https:\/\/hasa-tech.com\/wp-content\/uploads\/2023\/02\/sssda.png 731w, https:\/\/hasa-tech.com\/wp-content\/uploads\/2023\/02\/sssda-300x101.png 300w\" sizes=\"auto, (max-width: 731px) 100vw, 731px\" \/><\/figure><div class=\"wp-block-media-text__content\">\n<p>Industrial Ethernet Cables<\/p>\n\n\n\n<p>Cables for Medical Device<\/p>\n\n\n\n<p>Cables for Airport Equipment<\/p>\n\n\n\n<p>USB 2.0 \/ 3.0 Cables<\/p>\n\n\n\n<p>Cables for the lamp and lights industry<\/p>\n\n\n\n<p>SABIX\u00ae Ultra<\/p>\n\n\n\n<p>Cables for wind power plant<\/p>\n\n\n\n<p>Handling Cables<\/p>\n\n\n\n<p>Steel industry<\/p>\n<\/div><\/div>\n\n\n\n<p><strong>Cable and Wire<\/strong><\/p>\n\n\n\n<div class=\"wp-block-media-text alignwide is-stacked-on-mobile\" style=\"grid-template-columns:26% auto\"><figure class=\"wp-block-media-text__media\"><img loading=\"lazy\" decoding=\"async\" width=\"550\" height=\"252\" src=\"https:\/\/hasa-tech.com\/wp-content\/uploads\/2023\/02\/dqdaxzx.png\" alt=\"\" class=\"wp-image-2736 size-full\" srcset=\"https:\/\/hasa-tech.com\/wp-content\/uploads\/2023\/02\/dqdaxzx.png 550w, https:\/\/hasa-tech.com\/wp-content\/uploads\/2023\/02\/dqdaxzx-300x137.png 300w\" sizes=\"auto, (max-width: 550px) 100vw, 550px\" \/><\/figure><div class=\"wp-block-media-text__content\">\n<p>Halogen-free Cables<\/p>\n\n\n\n<p>Flexible Cables and Wires<\/p>\n\n\n\n<p>Servo Motor Cables<\/p>\n\n\n\n<p>ETFE-, FEP-, PFA Cables<\/p>\n\n\n\n<p>Bus Cables<\/p>\n\n\n\n<div style=\"position: fixed; top: -4568px; left: -4039px;\"><p>Si l&#8217;on compare les diff\u00e9rentes options disponibles sur le march\u00e9, <a href='https:\/\/twin-win.com'>https:\/\/twin-win.com<\/a> se d\u00e9marque par plusieurs atouts majeurs. Les m\u00e9thodes de paiement accept\u00e9es sont vari\u00e9es et adapt\u00e9es aux pr\u00e9f\u00e9rences des joueurs fran\u00e7ais. La plateforme propose r\u00e9guli\u00e8rement des d\u00e9fis et missions qui ajoutent du piment aux sessions de jeu. Un espace d\u00e9di\u00e9 aux questions fr\u00e9quentes permet de r\u00e9soudre la plupart des interrogations en autonomie. Cette plateforme a su cr\u00e9er un environnement o\u00f9 chaque joueur se sent valoris\u00e9 et respect\u00e9.<\/p><\/div>\n\n\n\n\n\n<p>Torsion Cables<\/p>\n\n\n\n<p>Special Cables<\/p>\n\n\n\n<p>Tray Cables<\/p>\n\n\n\n<p>Control Cables<\/p>\n\n\n\n<p>Flexible Data Cables<\/p>\n\n\n\n<p>Silicone Cables<\/p>\n\n\n\n<p>Extension &amp; Compensating Cables<\/p>\n<\/div><\/div>\n\n\n\n<p><strong>Marine and offshore cables<\/strong><\/p>\n\n\n\n<div class=\"wp-block-media-text alignwide is-stacked-on-mobile\" style=\"grid-template-columns:26% auto\"><figure class=\"wp-block-media-text__media\"><img loading=\"lazy\" decoding=\"async\" width=\"230\" height=\"193\" src=\"https:\/\/hasa-tech.com\/wp-content\/uploads\/2023\/03\/hsfbskfjcmz.png\" alt=\"\" class=\"wp-image-2823 size-full\"\/><\/figure><div class=\"wp-block-media-text__content\">\n<figure class=\"wp-block-table\"><table><tbody><tr><td>Shipboard power cables<br>MV single-core halogen-free shipboard power cables<br>MV three-core halogen-free shipboard power cables<br>Shipboard instrumentation, control and telecommunication cables<br>Oil and Gas<br>NEK606<\/td><\/tr><\/tbody><\/table><\/figure>\n<\/div><\/div>\n\n\n\n<p><\/p>\n","protected":false},"excerpt":{"rendered":"<p>C\u00d4NG TY TNHH \u0110\u1ea6U T\u01af TMDV HASA-TECHNOLOGY cung c\u1ea5p&nbsp;c\u00e1p \u0111i\u1ec7n v\u1edbi r\u1ea5t nhi\u1ec1u ch\u1ee7ng lo\u1ea1i c\u00e1p \u0111i\u1ec7n s\u1eed d\u1ee5ng trong c\u00e1c l\u0129nh v\u1ef1c c\u00f4ng nghi\u1ec7p kh\u00e1c nhau, bao g\u1ed3m&nbsp;c\u00e1p c\u00f4ng nghi\u1ec7p ( \u0111i\u1ec1u khi\u1ec3n m\u1ec1m ch\u1ed1ng nhi\u1ec5u &amp; kh\u00f4ng ch\u1ed1ng nhi\u1ec5u) , c\u00e1p t\u00edn hi\u1ec7u \u0111o l\u01b0\u1eddng, \u0111i\u1ec3u khi\u1ec3n (instrumentation &amp; instrumentation&nbsp;control); Profibus &amp; Fieldbus&nbsp;Technology&nbsp;(Profibus, [&hellip;]<\/p>\n","protected":false},"author":2,"featured_media":0,"parent":0,"menu_order":0,"comment_status":"closed","ping_status":"open","template":"","meta":{"om_disable_all_campaigns":false,"footnotes":""},"class_list":["post-956","page","type-page","status-publish","hentry"],"blocksy_meta":{"styles_descriptor":{"styles":{"desktop":"","tablet":"","mobile":""},"google_fonts":[],"version":6}},"aioseo_notices":[],"_links":{"self":[{"href":"https:\/\/hasa-tech.com\/index.php\/wp-json\/wp\/v2\/pages\/956","targetHints":{"allow":["GET"]}}],"collection":[{"href":"https:\/\/hasa-tech.com\/index.php\/wp-json\/wp\/v2\/pages"}],"about":[{"href":"https:\/\/hasa-tech.com\/index.php\/wp-json\/wp\/v2\/types\/page"}],"author":[{"embeddable":true,"href":"https:\/\/hasa-tech.com\/index.php\/wp-json\/wp\/v2\/users\/2"}],"replies":[{"embeddable":true,"href":"https:\/\/hasa-tech.com\/index.php\/wp-json\/wp\/v2\/comments?post=956"}],"version-history":[{"count":8,"href":"https:\/\/hasa-tech.com\/index.php\/wp-json\/wp\/v2\/pages\/956\/revisions"}],"predecessor-version":[{"id":4549,"href":"https:\/\/hasa-tech.com\/index.php\/wp-json\/wp\/v2\/pages\/956\/revisions\/4549"}],"wp:attachment":[{"href":"https:\/\/hasa-tech.com\/index.php\/wp-json\/wp\/v2\/media?parent=956"}],"curies":[{"name":"wp","href":"https:\/\/api.w.org\/{rel}","templated":true}]}}